{"id":3732,"date":"2019-01-26T01:54:23","date_gmt":"2019-01-26T04:54:23","guid":{"rendered":"http:\/\/www.fightersport.com.br\/pt\/?page_id=3732"},"modified":"2019-01-26T02:03:13","modified_gmt":"2019-01-26T05:03:13","slug":"cbmtu","status":"publish","type":"page","link":"https:\/\/www.fightersport.com.br\/pt\/cbmtu\/","title":{"rendered":"CBMTU &#8211; Confedera\u00e7\u00e3o Brasileira de MuayThai Tradicional Unidos"},"content":{"rendered":"\n<div class=\"wp-block-image\"><figure class=\"aligncenter\"><img loading=\"lazy\" decoding=\"async\" width=\"400\" height=\"378\" src=\"http:\/\/www.fightersport.com.br\/wp-content\/uploads\/2019\/01\/cbmtu.jpg\" alt=\"\" class=\"wp-image-3733\" srcset=\"https:\/\/www.fightersport.com.br\/wp-content\/uploads\/2019\/01\/cbmtu.jpg 400w, https:\/\/www.fightersport.com.br\/wp-content\/uploads\/2019\/01\/cbmtu-300x284.jpg 300w\" sizes=\"(max-width: 400px) 100vw, 400px\" \/><\/figure><\/div>\n\n\n\n<p style=\"text-align:center\"><strong>DIRETORIA CBMTU 2019<\/strong><\/p>\n\n\n\n<p style=\"text-align:center\"><strong>GM Paulo F. de Souza (NICOLAI)<\/strong><br>PRESIDENTE<br><br><strong>F\u00e1bio Faria de Souza<\/strong><br>Vice Presidente<br><strong>GM Nelsimar P. dos Santos<\/strong><br>Diretor do Departamento T\u00e9cnico<br><strong>GM Evilazio Camelo Feitoza<\/strong><br>Diretor Nomeado do Departamento T\u00e9cnico<br><strong>KRU YAI Leonardo Souza<\/strong><br>Departamento T\u00e9cnico Coordenador Nomeado<br><strong>Jonathas Soares Souza<\/strong><br>Diretoria de Marketing<br><strong>Luiz F. dos Santos<\/strong><br>Diretoria de Marketing<br><strong>Marco Saher<\/strong><br>Diretor de Eventos Nomeado<br><strong>Francisco C. C. de Oliveira (Master Paco)<\/strong><br>Diretor do Departamento de MuayThai Boram<br><strong>Sidney de Paula Uliana<\/strong><br>Diretor de Patrim\u00f4nio<br><strong>Diego Prado M. de Oliveira<\/strong><br>Tesoureiro<br><strong>Guilherme A. P. Bravo<\/strong><br>Conselho Fiscal<br><strong>Rodrigo Diniz<\/strong><br> Conselho Fiscal<br><strong>Izamara Ap\u00aa. de Souza<\/strong><br>1\u00aa Secret\u00e1ria<br><strong>Mestre Alfred Klaus<br><\/strong>2\u00ba Secret\u00e1rio<br><strong>F\u00e1bio Ribeiro de Souza<\/strong><br>Suplente<strong><br>KRU YAI Ronald Montoya<\/strong><br>Suplente <\/p>\n","protected":false},"excerpt":{"rendered":"<p>DIRETORIA CBMTU 2019 GM Paulo F. de Souza (NICOLAI)PRESIDENTE F\u00e1bio Faria de SouzaVice PresidenteGM Nelsimar P. dos SantosDiretor do Departamento T\u00e9cnicoGM Evilazio Camelo FeitozaDiretor Nomeado do Departamento T\u00e9cnicoKRU YAI Leonardo SouzaDepartamento T\u00e9cnico Coordenador NomeadoJonathas Soares SouzaDiretoria de MarketingLuiz F. dos SantosDiretoria de MarketingMarco SaherDiretor de Eventos NomeadoFrancisco C. C. de Oliveira (Master Paco)Diretor do Departamento [&hellip;]<\/p>\n","protected":false},"author":1,"featured_media":0,"parent":0,"menu_order":0,"comment_status":"closed","ping_status":"closed","template":"","meta":{"_acf_changed":false,"footnotes":""},"class_list":["post-3732","page","type-page","status-publish","hentry"],"acf":[],"_links":{"self":[{"href":"https:\/\/www.fightersport.com.br\/pt\/wp-json\/wp\/v2\/pages\/3732"}],"collection":[{"href":"https:\/\/www.fightersport.com.br\/pt\/wp-json\/wp\/v2\/pages"}],"about":[{"href":"https:\/\/www.fightersport.com.br\/pt\/wp-json\/wp\/v2\/types\/page"}],"author":[{"embeddable":true,"href":"https:\/\/www.fightersport.com.br\/pt\/wp-json\/wp\/v2\/users\/1"}],"replies":[{"embeddable":true,"href":"https:\/\/www.fightersport.com.br\/pt\/wp-json\/wp\/v2\/comments?post=3732"}],"version-history":[{"count":4,"href":"https:\/\/www.fightersport.com.br\/pt\/wp-json\/wp\/v2\/pages\/3732\/revisions"}],"predecessor-version":[{"id":3739,"href":"https:\/\/www.fightersport.com.br\/pt\/wp-json\/wp\/v2\/pages\/3732\/revisions\/3739"}],"wp:attachment":[{"href":"https:\/\/www.fightersport.com.br\/pt\/wp-json\/wp\/v2\/media?parent=3732"}],"curies":[{"name":"wp","href":"https:\/\/api.w.org\/{rel}","templated":true}]}}