{"id":4332,"date":"2021-10-25T20:09:04","date_gmt":"2021-10-25T23:09:04","guid":{"rendered":"http:\/\/www.fightersport.com.br\/en\/?page_id=4332"},"modified":"2021-10-27T01:48:03","modified_gmt":"2021-10-27T04:48:03","slug":"exame-de-graduacao","status":"publish","type":"page","link":"https:\/\/www.fightersport.com.br\/pt\/exame-de-graduacao\/","title":{"rendered":"Exame de Gradua\u00e7\u00e3o"},"content":{"rendered":"\n<div class=\"wp-block-columns is-layout-flex wp-container-core-columns-is-layout-1 wp-block-columns-is-layout-flex\">\n<div class=\"wp-block-column is-layout-flow wp-block-column-is-layout-flow\">\n<h3 class=\"wp-block-heading\">Data<\/h3>\n\n\n\n<p>14\/11\/2021<\/p>\n\n\n\n<h3 class=\"wp-block-heading\">Hora<\/h3>\n\n\n\n<p>\u00c0s 8h &#8211; manh\u00e3<\/p>\n\n\n\n<h3 class=\"wp-block-heading\">Local<\/h3>\n\n\n\n<p>Cuca Jos\u00e9 Walter<br>R. 69 &#8211; Pref. Jos\u00e9 Walter, Fortaleza &#8211; CE, 60810-670<br><a rel=\"noreferrer noopener\" href=\"https:\/\/goo.gl\/maps\/k1tGnXcPD4UG7WAH6\" target=\"_blank\">Clique e veja no Google Maps<\/a><\/p>\n\n\n\n<p class=\"has-text-align-center\" style=\"font-size:24px\"><br><strong><span class=\"has-inline-color has-vivid-red-color\">Inscri\u00e7\u00f5es at\u00e9 11 de novembro<\/span><\/strong><\/p>\n<\/div>\n\n\n\n<div class=\"wp-block-column is-layout-flow wp-block-column-is-layout-flow\">\n<figure class=\"wp-block-image size-large\"><img loading=\"lazy\" decoding=\"async\" width=\"819\" height=\"1024\" src=\"http:\/\/www.fightersport.com.br\/wp-content\/uploads\/2021\/10\/cartaz-exame-graduacao-819x1024.jpeg\" alt=\"\" class=\"wp-image-4333\" srcset=\"https:\/\/www.fightersport.com.br\/wp-content\/uploads\/2021\/10\/cartaz-exame-graduacao-819x1024.jpeg 819w, https:\/\/www.fightersport.com.br\/wp-content\/uploads\/2021\/10\/cartaz-exame-graduacao-240x300.jpeg 240w, https:\/\/www.fightersport.com.br\/wp-content\/uploads\/2021\/10\/cartaz-exame-graduacao-768x960.jpeg 768w, https:\/\/www.fightersport.com.br\/wp-content\/uploads\/2021\/10\/cartaz-exame-graduacao.jpeg 1024w\" sizes=\"(max-width: 819px) 100vw, 819px\" \/><\/figure>\n<\/div>\n<\/div>\n","protected":false},"excerpt":{"rendered":"<p>Data 14\/11\/2021 Hora \u00c0s 8h &#8211; manh\u00e3 Local Cuca Jos\u00e9 WalterR. 69 &#8211; Pref. Jos\u00e9 Walter, Fortaleza &#8211; CE, 60810-670Clique e veja no Google Maps Inscri\u00e7\u00f5es at\u00e9 11 de novembro<\/p>\n","protected":false},"author":1,"featured_media":0,"parent":0,"menu_order":0,"comment_status":"closed","ping_status":"closed","template":"","meta":{"_acf_changed":false,"footnotes":""},"class_list":["post-4332","page","type-page","status-publish","hentry"],"acf":[],"_links":{"self":[{"href":"https:\/\/www.fightersport.com.br\/pt\/wp-json\/wp\/v2\/pages\/4332"}],"collection":[{"href":"https:\/\/www.fightersport.com.br\/pt\/wp-json\/wp\/v2\/pages"}],"about":[{"href":"https:\/\/www.fightersport.com.br\/pt\/wp-json\/wp\/v2\/types\/page"}],"author":[{"embeddable":true,"href":"https:\/\/www.fightersport.com.br\/pt\/wp-json\/wp\/v2\/users\/1"}],"replies":[{"embeddable":true,"href":"https:\/\/www.fightersport.com.br\/pt\/wp-json\/wp\/v2\/comments?post=4332"}],"version-history":[{"count":11,"href":"https:\/\/www.fightersport.com.br\/pt\/wp-json\/wp\/v2\/pages\/4332\/revisions"}],"predecessor-version":[{"id":4347,"href":"https:\/\/www.fightersport.com.br\/pt\/wp-json\/wp\/v2\/pages\/4332\/revisions\/4347"}],"wp:attachment":[{"href":"https:\/\/www.fightersport.com.br\/pt\/wp-json\/wp\/v2\/media?parent=4332"}],"curies":[{"name":"wp","href":"https:\/\/api.w.org\/{rel}","templated":true}]}}