{"id":4431,"date":"2023-09-27T16:57:58","date_gmt":"2023-09-27T19:57:58","guid":{"rendered":"https:\/\/www.fightersport.com.br\/pt\/?page_id=4431"},"modified":"2023-09-27T17:10:23","modified_gmt":"2023-09-27T20:10:23","slug":"1o-congresso-de-capacitacao-tecnica","status":"publish","type":"page","link":"https:\/\/www.fightersport.com.br\/pt\/1o-congresso-de-capacitacao-tecnica\/","title":{"rendered":"1\u00ba Congresso de Capacita\u00e7\u00e3o T\u00e9cnica"},"content":{"rendered":"\n<h2 class=\"wp-block-heading\"><strong>Congresso re\u00fane maiores nomes das artes marciais em Fortaleza<\/strong><\/h2>\n\n\n\n<p><strong>Gr\u00e3o Mestre Evil\u00e1zio Feitoza<\/strong><\/p>\n\n\n\n<p>Pela primeira vez na capital cearense, evento re\u00fane os maiores l\u00edderes das artes marciais do Cear\u00e1, e nomes de refer\u00eancia no Pa\u00eds, para aprimorar habilidades em t\u00e9cnicas de Kickboxing, Muay-thai\/MMA<\/p>\n\n\n\n<p>Em 2023, o universo das artes marciais alcan\u00e7a 36 anos da introdu\u00e7\u00e3o das lutas de contato no Estado do Cear\u00e1. Para celebrar esse marco, os amantes, praticantes e profissionais da modalidade, no Estado, ter\u00e3o a oportunidade de estarem participando do 1\u2070 Congresso Cearense de Capacita\u00e7\u00e3o T\u00e9cnica de Lutas de Contato. O evento ser\u00e1 realizado no Centro de Forma\u00e7\u00e3o Ol\u00edmpica (CFO), em Fortaleza, no pr\u00f3ximo dia 28 de outubro, que ter\u00e1 in\u00edcio \u00e0s 8 horas com apresenta\u00e7\u00e3o das equipes, ao som do hino nacional brasileiro, e homenagem a autoridades.<\/p>\n\n\n\n<p>O evento busca aprimorar habilidades em T\u00e9cnicas de Kickboxing, Muaythai\/MMA. E, para isso, estar\u00e3o presentes os maiores l\u00edderes das artes marciais do Cear\u00e1, e nomes de refer\u00eancia no Pa\u00eds. Idealizado pelo verdadeiro \u00edcone das artes marciais, no Brasil e no mundo, o Gr\u00e3o Mestre cearense Evilazio Feitoza, o Congresso traz convidados como Nael Linhares, Chistiam Pinheiros, Fernando Moura e Francisco Neto Barruada. Eles estar\u00e3o dividindo seus conhecimentos com os participantes e amantes e entusiastas das artes marciais, que tamb\u00e9m receber\u00e3o certificado de participa\u00e7\u00e3o no Congresso. Uma oportunidade \u00fanica no Nordeste!<\/p>\n\n\n\n<h2 class=\"wp-block-heading\"><strong>Destaque mundial<\/strong><\/h2>\n\n\n\n<p>O Cear\u00e1 tamb\u00e9m \u00e9 destaque mundial na modalidade Muay-Thai. Depois de muita dedica\u00e7\u00e3o e experi\u00eancia adquirida, o Gr\u00e3o Mestre Evil\u00e1zio Feitoza possui, ao longo dos mais de 40 anos, pr\u00e1tica em diferentes modalidades, como Karat\u00ea, Boxing, Kung-fu, Kickboxing, Savate, Boxing Franc\u00eas, Brazilian Jiu-jitsu, e diversas modalidades de treinamentos f\u00edsicos, al\u00e9m, claro, do Muay-Thai.<\/p>\n\n\n\n<p>Natural da cidade de Sobral, Evil\u00e1zio Feitoza j\u00e1 esteve nos ringues, tatames e oct\u00f3gonos ao redor do mundo, treinando atletas de alto rendimento em diversas modalidades. Atualmente, o Gr\u00e3o Mestre &#8211; ranking m\u00e1ximo adquirido no desporto das artes marciais -, que desenvolveu o Brazilian Thai-Boxing Sistema, \u00e9 considerado um dos nomes mais importantes do Brasil e no mundo quando se fala em Muay-thai, Kickboxing e MMA, e tamb\u00e9m \u00e9 um dos maiores nomes da ISKA (International Sport Kickboxing Association). Feitoza atua, tamb\u00e9m, como consultor, palestrante, treinador e promotor de esportes em outros pa\u00edses da Am\u00e9rica do Sul e de toda a Europa.<\/p>\n\n\n\n<h2 class=\"wp-block-heading\"><strong>Servi\u00e7o<\/strong><\/h2>\n\n\n\n<p><strong>I Congresso Cearense de Capacita\u00e7\u00e3o T\u00e9cnica de Lutas de Contato<\/strong><\/p>\n\n\n\n<p><strong>Data:<\/strong> 28 de outubro de 2023;<\/p>\n\n\n\n<p><strong>Hor\u00e1rio:<\/strong> Das 8 \u00e0s 12 horas;<\/p>\n\n\n\n<p><strong>Local:<\/strong> Centro de Forma\u00e7\u00e3o Ol\u00edmpica &#8211; CFO (Av. Alberto Craveiro \u2013 em frente \u00e0 Arena Castel\u00e3o);<\/p>\n\n\n\n<p><strong>Informa\u00e7\u00f5es e inscri\u00e7\u00f5es:<\/strong> Telefone (85) 99905-7521; e pelo site www.fightersport.com.br<\/p>\n\n\n\n<p><strong>Investimento:<\/strong> R$ 80 (1\u00ba lote, at\u00e9 6 de outubro) \/ R$ 100 (2\u00ba lote). Vagas limitadas!<\/p>\n","protected":false},"excerpt":{"rendered":"<p>Congresso re\u00fane maiores nomes das artes marciais em Fortaleza Gr\u00e3o Mestre Evil\u00e1zio Feitoza Pela primeira vez na capital cearense, evento re\u00fane os maiores l\u00edderes das artes marciais do Cear\u00e1, e nomes de refer\u00eancia no Pa\u00eds, para aprimorar habilidades em t\u00e9cnicas de Kickboxing, Muay-thai\/MMA Em 2023, o universo das artes marciais alcan\u00e7a 36 anos da introdu\u00e7\u00e3o [&hellip;]<\/p>\n","protected":false},"author":1,"featured_media":0,"parent":0,"menu_order":0,"comment_status":"closed","ping_status":"closed","template":"","meta":{"_acf_changed":false,"footnotes":""},"class_list":["post-4431","page","type-page","status-publish","hentry"],"acf":[],"_links":{"self":[{"href":"https:\/\/www.fightersport.com.br\/pt\/wp-json\/wp\/v2\/pages\/4431"}],"collection":[{"href":"https:\/\/www.fightersport.com.br\/pt\/wp-json\/wp\/v2\/pages"}],"about":[{"href":"https:\/\/www.fightersport.com.br\/pt\/wp-json\/wp\/v2\/types\/page"}],"author":[{"embeddable":true,"href":"https:\/\/www.fightersport.com.br\/pt\/wp-json\/wp\/v2\/users\/1"}],"replies":[{"embeddable":true,"href":"https:\/\/www.fightersport.com.br\/pt\/wp-json\/wp\/v2\/comments?post=4431"}],"version-history":[{"count":3,"href":"https:\/\/www.fightersport.com.br\/pt\/wp-json\/wp\/v2\/pages\/4431\/revisions"}],"predecessor-version":[{"id":4434,"href":"https:\/\/www.fightersport.com.br\/pt\/wp-json\/wp\/v2\/pages\/4431\/revisions\/4434"}],"wp:attachment":[{"href":"https:\/\/www.fightersport.com.br\/pt\/wp-json\/wp\/v2\/media?parent=4431"}],"curies":[{"name":"wp","href":"https:\/\/api.w.org\/{rel}","templated":true}]}}