{"id":67,"date":"2017-12-07T16:56:37","date_gmt":"2017-12-07T19:56:37","guid":{"rendered":"http:\/\/www.fightersport.com.br\/?page_id=67"},"modified":"2022-02-21T15:31:07","modified_gmt":"2022-02-21T18:31:07","slug":"raio-x-evilazio","status":"publish","type":"page","link":"https:\/\/www.fightersport.com.br\/pt\/raio-x-evilazio\/","title":{"rendered":"Raio-X Evilazio Feitoza"},"content":{"rendered":"\n<div class=\"wp-block-image\"><figure class=\"aligncenter size-full is-resized\"><img loading=\"lazy\" decoding=\"async\" src=\"http:\/\/www.fightersport.com.br\/wp-content\/uploads\/2021\/08\/grand-master-evilazio-feitosa.jpeg\" alt=\"\" class=\"wp-image-4284\" width=\"490\" height=\"734\" srcset=\"https:\/\/www.fightersport.com.br\/wp-content\/uploads\/2021\/08\/grand-master-evilazio-feitosa.jpeg 684w, https:\/\/www.fightersport.com.br\/wp-content\/uploads\/2021\/08\/grand-master-evilazio-feitosa-200x300.jpeg 200w\" sizes=\"(max-width: 490px) 100vw, 490px\" \/><\/figure><\/div>\n\n\n\n<p>Evil\u00e1zio Feitoza \u00e9 Gr\u00e3o-Mestre de Muay Thai, a gradua\u00e7\u00e3o m\u00e1xima da modalidade. E para chegar a tal feito, foram necess\u00e1rios mais de 40 anos de pr\u00e1tica sem parar, com o objetivo de contribuir tamb\u00e9m com o desenvolvimento do esporte no Brasil. Evil\u00e1zio viaja o mundo para divulgar a modalidade e quando est\u00e1 na academia, seja em qualquer pa\u00eds ou cidade que visite, ele faz quest\u00e3o de orientar cada praticante, seja ele profissional ou iniciante. Ele atua tamb\u00e9m como consultor, palestrante, treinador e promotor de esportes em outros pa\u00edses da Am\u00e9rica do Sul e de toda a Europa.<\/p>\n\n\n\n<p>Aos 58 anos, o gr\u00e3o-mestre \u00e9 tido como o precursor das artes marciais no Cear\u00e1, \u00e9 refer\u00eancia mundial e detentor de uma das mais altas gradua\u00e7\u00f5es da modalidade ostentando o 15\u00ba Khan (Grand Master) de muay thai, faixa preta 8\u00ba Dan de kickboxing, 5\u00ba Dan em full contact e, como competidor, fora cinco vezes campe\u00e3o brasileiro de kickboxing (1983 a 1987). Evil\u00e1zio afirma que a sua miss\u00e3o \u00e9 revelar novos talentos para o esporte que tanto ama, presente tamb\u00e9m nos EUA, ele mant\u00e9m representantes no Brasil, distribu\u00eddos nos estados do Cear\u00e1 (em Fortaleza e na regi\u00e3o do Cariri), Para\u00edba e S\u00e3o Paulo.<\/p>\n\n\n\n<p><strong>Hist\u00f3ria <\/strong><\/p>\n\n\n\n<p>Nascido em Sobral, a 230 km de Fortaleza, Evilazio Feitoza come\u00e7ou a treinar Karat\u00ea Shotokan aos 7 anos de idade e aos 14 anos de idade mudou-se para a cidade de S\u00e3o Paulo, onde iniciou sua pr\u00e1tica do Kung-Do-Te, Full Contact com o mestre portugu\u00eas radicado no Brasil, Adriano Silva, e tamb\u00e9m aperfei\u00e7oou suas t\u00e9cnicas com o campe\u00e3o mundial de boxe, Miguel de Oliveira e Jiu Jitsu com o renomado faixa preta, Marcelo Behring. Quando Evil\u00e1zio retorna \u00e0 cidade de Fortaleza depois de anos de batalhas em S\u00e3o Paulo come\u00e7a a construir efetivamente seu legado, atuando em grandes academias, clubes e col\u00e9gios em Fortaleza &#8211; at\u00e9 que em 1998 inaugura em Fortaleza a <strong>Academia Fighter Sport<\/strong> sendo essa uma academia refer\u00eancia no segmento fitness e de lutas &#8211; revelando durante 17 anos grandes atletas e professores que hoje d\u00e3o continuidade ao trabalho em todo mundo.<\/p>\n\n\n\n<p>Em paralelo nesse tempo, Feitoza tamb\u00e9m atuou como promotor de grandes eventos como: Campeonato Cearense de Kick Boxing, Campeonato Norte-Nordeste de Kick Boxing, BadBoy Rider Fight, Circuito Cearense de Vale Tudo e Thai Boxing, Super Badboy Fight, Champions Night (17 Edi\u00e7\u00f5es), Copa Hunter, Campeonato Cearense de MuayThai,Jungle Fight Qualifying ,New Talent Fight, entre outros eventos.<\/p>\n\n\n\n<p>Al\u00e9m desses eventos no Cear\u00e1 o Gr\u00e3o-Mestre havia promovido diversos eventos em S\u00e3o Paulo, como: Campeonato Brasileiro de Kick Boxing 1993 (S\u00e3o Paulo), Campeonato Interestadual De Kick Boxing 1993 (S\u00e3o Paulo), Campeonato Intercontinental de Kick Boxing 1994 (S\u00e3o Paulo), Campeonato Sul-americano de Kick Boxing 1995 (S\u00e3o Paulo), Open Brasil de Kick Boxing 1995 (S\u00e3o Paulo).<\/p>\n\n\n\n<p>Vale ressaltar que no \u00faltimo evento citado contamos com atletas hoje renomados como: <em>Wanderley Silva, Jos\u00e9 Pel\u00e9 Landi, Rafael Cordeiro<\/em>.<\/p>\n\n\n\n<p><strong>T\u00edtulos e Refer\u00eancias<\/strong><\/p>\n\n\n\n<p>Como competidor Evil\u00e1zio mant\u00eam um curr\u00edculo invej\u00e1vel: Cinco vezes campe\u00e3o brasileiro (1983-1987) e seu cartel tem um registro de 37 lutas, sendo <strong>35 vit\u00f3rias<\/strong>. Em 1987 Evilazio retorna ao Cear\u00e1 onde implanta a luta de contato no estado (Muay Thai, Kick Boxing,Vale Tudo).<\/p>\n\n\n\n<p>Em seu curr\u00edculo:<\/p>\n\n\n\n<p>Ex-Presidente da Confedera\u00e7\u00e3o Brasileira de MuayThai (CBM)<\/p>\n\n\n\n<p>Presidente da Confedera\u00e7\u00e3o Brasileira de Kickboxing (CKBB)<\/p>\n\n\n\n<p>Presidente da Federa\u00e7\u00e3o Cearense de Pugilismo (FCP)<\/p>\n\n\n\n<p>Presidente da Federa\u00e7\u00e3o Cearense de MuayThai (FCMT)<\/p>\n\n\n\n<p>Membro da Conselho Brasileiro de Mestres de Muaythai<\/p>\n\n\n\n<p>L\u00edder da equipe Evilazio Fight Team \/ Fighter Sport<\/p>\n\n\n\n<p>Coordenador ISKA da Am\u00e9rica do Sul (1994)<\/p>\n\n\n\n<p>Conselho Regional de Educa\u00e7\u00e3o F\u00edsica \u2013 CREF 2392 \/ CE<\/p>\n\n\n\n<p>MuayThai Grand Master \u2013 Khan 15 Sib Hah Gold (CBM)<\/p>\n\n\n\n<p>MuayThai Master \u2013 Khan 14 Silver (CBMTT)<\/p>\n\n\n\n<p>MuayThai Master \u2013 Khan 14 Silver (WTBF)<\/p>\n\n\n\n<p>Instrutor de MMA Fight (COBRAM)<\/p>\n\n\n\n<p>7\u00ba Dan em Kick Boxing (ISKA)<\/p>\n\n\n\n<p>8\u00ba Dan em Kick Boxing (OMTRS)<\/p>\n\n\n\n<p>5\u00ba Dan em contato completo (AASAM)<\/p>\n\n\n\n<p>Faixa Preta de Jiu Jitsu SAS Team (CBJJ)<\/p>\n\n\n\n<p>Representante da Martial Arts Team Brazilian Jiu Jitsu<\/p>\n\n\n\n<p>Atualmente, o Gr\u00e3o-Mestre Evilazio Feitoza \u00e9 considerado um dos nomes mais importantes do Brasil e no mundo quando se fala em Muay Thai, Kickboxing e MMA, e tamb\u00e9m \u00e9 um dos maiores nomes da <strong>ISKA (International Sport Kickboxing Association)<\/strong>.<\/p>\n\n\n\n<p><strong>Descobridor de talentos<\/strong><\/p>\n\n\n\n<p>Como t\u00e9cnico, ele tem revelado atletas em lugares como UFC, Jungle Fight, Bitetti Combat, Mecca World Vale-Tudo, Champions Night Fight, Pride, etc&#8230;<\/p>\n\n\n\n<p>Com esta vasta experi\u00eancia nas artes marciais, desenvolveu o Brazilian Thai-Boxing System.<\/p>\n\n\n\n<p><strong>Semin\u00e1rios e Palestras <\/strong><\/p>\n\n\n\n<p>Recentemente o Gr\u00e3o-Mestre ministrou uma s\u00e9rie de gradua\u00e7\u00f5es e palestras no estado do Cear\u00e1. Evento este que foi realizado pela Fighter Sport com apoio da Federa\u00e7\u00e3o Cearense de Muay Thai (FCMT) e que contou com a presen\u00e7a massiva dos amantes das artes marciais. Um sucesso de p\u00fablico e m\u00eddia!<\/p>\n\n\n\n<p>&#8220;\u00c9 sempre uma viv\u00eancia muito interessante, tamb\u00e9m recebo muito aprendizado, h\u00e1 uma enorme troca&#8221;, afirma Evilazio.<\/p>\n\n\n\n<p><strong><em>Servi\u00e7o:<br><\/em><\/strong><strong>Acompanhe-nos pelos nossos canais:<\/strong><\/p>\n\n\n\n<p>Site <a href=\"http:\/\/www.fightersport.com.br\/pt\/\">http:\/\/www.fightersport.com.br\/pt\/<\/a><\/p>\n\n\n\n<p>Facebook <a href=\"https:\/\/www.facebook.com\/evilaziofightteam\/\">https:\/\/www.facebook.com\/evilaziofightteam\/<\/a><\/p>\n\n\n\n<p>Instagram <a href=\"https:\/\/www.instagram.com\/evilaziofightteam\/\">https:\/\/www.instagram.com\/evilaziofightteam\/<\/a><\/p>\n\n\n\n<p>Youtube <a href=\"https:\/\/www.youtube.com\/user\/evilaziofeitoza\">https:\/\/www.youtube.com\/user\/evilaziofeitoza<\/a><\/p>\n\n\n\n<p><strong>Assessoria de Imprensa<br><\/strong>L\u00e9o Capibaribe (85) &#8211; 98696.6738.<\/p>\n","protected":false},"excerpt":{"rendered":"<p>Evil\u00e1zio Feitoza \u00e9 Gr\u00e3o-Mestre de Muay Thai, a gradua\u00e7\u00e3o m\u00e1xima da modalidade. E para chegar a tal feito, foram necess\u00e1rios mais de 40 anos de pr\u00e1tica sem parar, com o objetivo de contribuir tamb\u00e9m com o desenvolvimento do esporte no Brasil. Evil\u00e1zio viaja o mundo para divulgar a modalidade e quando est\u00e1 na academia, seja [&hellip;]<\/p>\n","protected":false},"author":1,"featured_media":0,"parent":0,"menu_order":0,"comment_status":"closed","ping_status":"closed","template":"","meta":{"_acf_changed":false,"footnotes":""},"class_list":["post-67","page","type-page","status-publish","hentry"],"acf":[],"_links":{"self":[{"href":"https:\/\/www.fightersport.com.br\/pt\/wp-json\/wp\/v2\/pages\/67"}],"collection":[{"href":"https:\/\/www.fightersport.com.br\/pt\/wp-json\/wp\/v2\/pages"}],"about":[{"href":"https:\/\/www.fightersport.com.br\/pt\/wp-json\/wp\/v2\/types\/page"}],"author":[{"embeddable":true,"href":"https:\/\/www.fightersport.com.br\/pt\/wp-json\/wp\/v2\/users\/1"}],"replies":[{"embeddable":true,"href":"https:\/\/www.fightersport.com.br\/pt\/wp-json\/wp\/v2\/comments?post=67"}],"version-history":[{"count":85,"href":"https:\/\/www.fightersport.com.br\/pt\/wp-json\/wp\/v2\/pages\/67\/revisions"}],"predecessor-version":[{"id":4386,"href":"https:\/\/www.fightersport.com.br\/pt\/wp-json\/wp\/v2\/pages\/67\/revisions\/4386"}],"wp:attachment":[{"href":"https:\/\/www.fightersport.com.br\/pt\/wp-json\/wp\/v2\/media?parent=67"}],"curies":[{"name":"wp","href":"https:\/\/api.w.org\/{rel}","templated":true}]}}